{"id":8532,"date":"2025-11-06T02:27:24","date_gmt":"2025-11-06T01:27:24","guid":{"rendered":"https:\/\/fenomenalno.com\/dizajn\/?page_id=8532"},"modified":"2025-11-06T22:47:44","modified_gmt":"2025-11-06T21:47:44","slug":"politika-privatnosti","status":"publish","type":"page","link":"https:\/\/fenomenalno.com\/dizajn\/politika-privatnosti\/","title":{"rendered":"Politika privatnosti"},"content":{"rendered":"\t\t<div data-elementor-type=\"wp-page\" data-elementor-id=\"8532\" class=\"elementor elementor-8532\">\n\t\t\t\t<div class=\"elementor-element elementor-element-3297303 e-con-full e-flex e-con e-parent\" data-id=\"3297303\" data-element_type=\"container\" data-e-type=\"container\" data-settings=\"{&quot;_ha_eqh_enable&quot;:false}\">\n\t\t\t\t<div class=\"elementor-element elementor-element-10e0bc0 elementor-widget elementor-widget-text-editor\" data-id=\"10e0bc0\" data-element_type=\"widget\" data-e-type=\"widget\" data-widget_type=\"text-editor.default\">\n\t\t\t\t<div class=\"elementor-widget-container\">\n\t\t\t\t\t\t\t\t\t<h1 style=\"font-family: 'Raleway', sans-serif; font-size: 34px; color: #333;\">Politika privatnosti<\/h1><h2 style=\"font-family: 'Raleway', sans-serif; font-size: 22px; color: #333;\">Ko smo mi<\/h2><p style=\"font-family: 'Raleway', sans-serif; font-size: 16px; color: #333;\">Adresa sajta: <a style=\"color: #333;\" href=\"https:\/\/fenomenalno.com\/dizajn\" target=\"_blank\" rel=\"noopener\">https:\/\/fenomenalno.com<\/a><br \/>Kontakt e-mail: <a style=\"color: #333;\" href=\"mailto:dizajn@fenomenalno.com\">dizajn@fenomenalno.com<\/a><\/p><h2 style=\"font-family: 'Raleway', sans-serif; font-size: 22px; color: #333;\">Podaci koje prikupljamo<\/h2><p style=\"font-family: 'Raleway', sans-serif; font-size: 16px; color: #333;\">Kada po\u0161aljete poruku putem kontakt forme, prikupljamo podatke koje sami unesete (ime, e-mail i poruku) kako bismo mogli da vam odgovorimo.<br \/>Ovi podaci se ne koriste u marketin\u0161ke svrhe i ne dele se sa tre\u0107im licima.<\/p><h2 style=\"font-family: 'Raleway', sans-serif; font-size: 22px; color: #333;\">Kola\u010di\u0107i<\/h2><p style=\"font-family: 'Raleway', sans-serif; font-size: 16px; color: #333;\">Na sajtu se koriste osnovni kola\u010di\u0107i radi pravilnog funkcionisanja (npr. za proveru da li pregleda\u010d prihvata kola\u010di\u0107e). Ovi kola\u010di\u0107i ne sadr\u017ee li\u010dne podatke i bri\u0161u se po zatvaranju pregleda\u010da.<\/p><h2 style=\"font-family: 'Raleway', sans-serif; font-size: 22px; color: #333;\">Ugra\u0111eni sadr\u017eaj<\/h2><p style=\"font-family: 'Raleway', sans-serif; font-size: 16px; color: #333;\">Stranice mogu sadr\u017eati sadr\u017eaj sa drugih veb lokacija (npr. video, slike, \u010dlanci). Ti sajtovi mogu prikupljati podatke o vama, koristiti kola\u010di\u0107e ili dodatno pra\u0107enje u skladu sa sopstvenom politikom privatnosti.<\/p><h2 style=\"font-family: 'Raleway', sans-serif; font-size: 22px; color: #333;\">Va\u0161a prava<\/h2><p style=\"font-family: 'Raleway', sans-serif; font-size: 16px; color: #333;\">Mo\u017eete zatra\u017eiti uvid u li\u010dne podatke koje ste nam poslali putem kontakt forme ili zahtevati njihovo brisanje.<br \/>Podaci se \u010duvaju samo onoliko koliko je potrebno za obradu va\u0161eg upita.<\/p>\t\t\t\t\t\t\t\t<\/div>\n\t\t\t\t<\/div>\n\t\t\t\t<\/div>\n\t\t<div class=\"elementor-element elementor-element-95753cb e-con-full elementor-hidden-mobile elementor-hidden-tablet e-flex e-con e-parent\" data-id=\"95753cb\" data-element_type=\"container\" data-e-type=\"container\" data-settings=\"{&quot;background_background&quot;:&quot;classic&quot;,&quot;_ha_eqh_enable&quot;:false}\">\n\t\t<div class=\"elementor-element elementor-element-2cc36c28 e-con-full e-flex e-con e-child\" data-id=\"2cc36c28\" data-element_type=\"container\" data-e-type=\"container\" data-settings=\"{&quot;background_background&quot;:&quot;classic&quot;,&quot;_ha_eqh_enable&quot;:false}\">\n\t\t<div class=\"elementor-element elementor-element-7c27c8a0 e-con-full e-flex e-con e-child\" data-id=\"7c27c8a0\" data-element_type=\"container\" data-e-type=\"container\" data-settings=\"{&quot;_ha_eqh_enable&quot;:false}\">\n\t\t\t\t<div class=\"elementor-element elementor-element-41daa142 elementor-hidden-tablet elementor-hidden-mobile elementor-widget elementor-widget-heading\" data-id=\"41daa142\" data-element_type=\"widget\" data-e-type=\"widget\" data-widget_type=\"heading.default\">\n\t\t\t\t<div class=\"elementor-widget-container\">\n\t\t\t\t\t<h4 class=\"elementor-heading-title elementor-size-default\">Copyright @2025 | fenomenalno.com<\/h4>\t\t\t\t<\/div>\n\t\t\t\t<\/div>\n\t\t\t\t<div class=\"elementor-element elementor-element-4e85324b elementor-widget elementor-widget-heading\" data-id=\"4e85324b\" data-element_type=\"widget\" data-e-type=\"widget\" data-widget_type=\"heading.default\">\n\t\t\t\t<div class=\"elementor-widget-container\">\n\t\t\t\t\t<h4 class=\"elementor-heading-title elementor-size-default\">Dizajn - Sandra Z.<\/h4>\t\t\t\t<\/div>\n\t\t\t\t<\/div>\n\t\t\t\t<div class=\"elementor-element elementor-element-5e4d0e6f elementor-widget elementor-widget-heading\" data-id=\"5e4d0e6f\" data-element_type=\"widget\" data-e-type=\"widget\" data-widget_type=\"heading.default\">\n\t\t\t\t<div class=\"elementor-widget-container\">\n\t\t\t\t\t<h4 class=\"elementor-heading-title elementor-size-default\">Izrada sajta - fenomenalno.com<\/h4>\t\t\t\t<\/div>\n\t\t\t\t<\/div>\n\t\t\t\t<\/div>\n\t\t\t\t<\/div>\n\t\t\t\t<\/div>\n\t\t\t\t<\/div>\n\t\t","protected":false},"excerpt":{"rendered":"<p>Politika privatnosti Ko smo mi Adresa sajta: https:\/\/fenomenalno.comKontakt e-mail: dizajn@fenomenalno.com Podaci koje prikupljamo Kada po\u0161aljete poruku putem kontakt forme, prikupljamo podatke koje sami unesete (ime, e-mail i poruku) kako bismo mogli da vam odgovorimo.Ovi podaci se ne koriste u marketin\u0161ke svrhe i ne dele se sa tre\u0107im licima. Kola\u010di\u0107i Na sajtu se koriste osnovni kola\u010di\u0107i [&hellip;]<\/p>\n","protected":false},"author":1,"featured_media":0,"parent":0,"menu_order":0,"comment_status":"closed","ping_status":"closed","template":"","meta":{"footnotes":""},"class_list":["post-8532","page","type-page","status-publish","hentry"],"blocksy_meta":[],"_links":{"self":[{"href":"https:\/\/fenomenalno.com\/dizajn\/wp-json\/wp\/v2\/pages\/8532","targetHints":{"allow":["GET"]}}],"collection":[{"href":"https:\/\/fenomenalno.com\/dizajn\/wp-json\/wp\/v2\/pages"}],"about":[{"href":"https:\/\/fenomenalno.com\/dizajn\/wp-json\/wp\/v2\/types\/page"}],"author":[{"embeddable":true,"href":"https:\/\/fenomenalno.com\/dizajn\/wp-json\/wp\/v2\/users\/1"}],"replies":[{"embeddable":true,"href":"https:\/\/fenomenalno.com\/dizajn\/wp-json\/wp\/v2\/comments?post=8532"}],"version-history":[{"count":3,"href":"https:\/\/fenomenalno.com\/dizajn\/wp-json\/wp\/v2\/pages\/8532\/revisions"}],"predecessor-version":[{"id":8638,"href":"https:\/\/fenomenalno.com\/dizajn\/wp-json\/wp\/v2\/pages\/8532\/revisions\/8638"}],"wp:attachment":[{"href":"https:\/\/fenomenalno.com\/dizajn\/wp-json\/wp\/v2\/media?parent=8532"}],"curies":[{"name":"wp","href":"https:\/\/api.w.org\/{rel}","templated":true}]}}